{"id":334,"date":"2018-05-07T15:28:21","date_gmt":"2018-05-07T13:28:21","guid":{"rendered":"https:\/\/um-festival.de\/nonprofit-association\/become-a-member\/"},"modified":"2025-08-27T00:27:25","modified_gmt":"2025-08-26T22:27:25","slug":"mitglied-werden","status":"publish","type":"page","link":"https:\/\/um-festival.de\/en\/nonprofit-association\/mitglied-werden\/","title":{"rendered":"Become a member"},"content":{"rendered":"\n<p>To put our enthusiasm for the Uckermark and contemporary culture into practice and to carry it forward, we need your support and warmly invite you to become a member of the nonprofit association \u201cFreunde der Uckermark e.V.\u201d.<br>The association is aimed at art enthusiasts who have come to appreciate the Uckermark and who are willing to contribute financially or personally to its success. The association does not support the project with money alone, but also helps the UM Festival with the experience and contacts of its members.<\/p>\n\n\n\n<div class=\"wpcf7 no-js\" id=\"wpcf7-f490-o1\" lang=\"de-DE\" dir=\"ltr\" data-wpcf7-id=\"490\">\n<div class=\"screen-reader-response\"><p role=\"status\" aria-live=\"polite\" aria-atomic=\"true\"><\/p> <ul><\/ul><\/div>\n<form action=\"\/en\/wp-json\/wp\/v2\/pages\/334#wpcf7-f490-o1\" method=\"post\" class=\"wpcf7-form init\" aria-label=\"Kontaktformular\" novalidate=\"novalidate\" data-status=\"init\">\n<fieldset class=\"hidden-fields-container\"><input type=\"hidden\" name=\"_wpcf7\" value=\"490\" \/><input type=\"hidden\" name=\"_wpcf7_version\" value=\"6.1.5\" \/><input type=\"hidden\" name=\"_wpcf7_locale\" value=\"de_DE\" \/><input type=\"hidden\" name=\"_wpcf7_unit_tag\" value=\"wpcf7-f490-o1\" \/><input type=\"hidden\" name=\"_wpcf7_container_post\" value=\"0\" \/><input type=\"hidden\" name=\"_wpcf7_posted_data_hash\" value=\"\" \/>\n<\/fieldset>\n<h2>Beitrittserkl\u00e4rung\n<\/h2>\n<p>Zweck des Vereins <strong>Freunde der Uckermark e. V.<\/strong> ist es in der Region Uckermark Kunst- und Kulturevents zu f\u00f6rdern und zu veranstalten, schwerpunktm\u00e4\u00dfig im Amtsbereich Gerswalde sowie in den Gemeinden Nordwest-Uckermark und Oberuckersee. Der Verein ist ausschlie\u00dflich und unmittelbar gemeinn\u00fctzig t\u00e4tig, im Sinne des \u00a7 51 AO.\n<\/p>\n<p>Ich werde ab sofort Mitglied im Verein \u201eFreunde der Uckermark\u201c.\n<\/p>\n<p>Die Mitgliedschaft ist jederzeit schriftlich k\u00fcndbar. Bitte beachten Sie, dass bereits gezahlte Beitr\u00e4ge nicht erstattet werden.\n<\/p>\n<p><span class=\"wpcf7-form-control-wrap\" data-name=\"mitgliedschaft\"><span class=\"wpcf7-form-control wpcf7-radio\"><span class=\"wpcf7-list-item first\"><label><input type=\"radio\" name=\"mitgliedschaft\" value=\"Einzelmitgliedschaftt \u20ac 75,-\/ Jahr\" checked=\"checked\" \/><span class=\"wpcf7-list-item-label\">Einzelmitgliedschaftt \u20ac 75,-\/ Jahr<\/span><\/label><\/span><span class=\"wpcf7-list-item\"><label><input type=\"radio\" name=\"mitgliedschaft\" value=\"Paarmitgliedschaft \u20ac 120,-\/ Jahr\" \/><span class=\"wpcf7-list-item-label\">Paarmitgliedschaft \u20ac 120,-\/ Jahr<\/span><\/label><\/span><span class=\"wpcf7-list-item\"><label><input type=\"radio\" name=\"mitgliedschaft\" value=\"Jugendmitgliedschaft \u20ac 30,-\/ Jahr (bis 27 Jahre)\" \/><span class=\"wpcf7-list-item-label\">Jugendmitgliedschaft \u20ac 30,-\/ Jahr (bis 27 Jahre)<\/span><\/label><\/span><span class=\"wpcf7-list-item last\"><label><input type=\"radio\" name=\"mitgliedschaft\" value=\"F\u00f6rdermitgliedschaft \u20ac 260,-\/ Jahr\" \/><span class=\"wpcf7-list-item-label\">F\u00f6rdermitgliedschaft \u20ac 260,-\/ Jahr<\/span><\/label><\/span><\/span><\/span>\n<\/p>\n<p>Anrede:<span style=\"color:red\">*<\/span><br \/>\n<span class=\"wpcf7-form-control-wrap\" data-name=\"anrede\"><select class=\"wpcf7-form-control wpcf7-select wpcf7-validates-as-required\" aria-required=\"true\" aria-invalid=\"false\" name=\"anrede\"><option value=\"Frau\">Frau<\/option><option value=\"Herr\">Herr<\/option><\/select><\/span>\n<\/p>\n<p>Titel:<br \/>\n<span class=\"wpcf7-form-control-wrap\" data-name=\"titel\"><select class=\"wpcf7-form-control wpcf7-select\" aria-invalid=\"false\" name=\"titel\"><option value=\"\">&#8211; Bitte ausw\u00e4hlen &#8211;<\/option><option value=\"Dr.\">Dr.<\/option><option value=\"Prof.\">Prof.<\/option><\/select><\/span>\n<\/p>\n<p>Vorname:<span style=\"color:red\">*<\/span><br \/>\n<span class=\"wpcf7-form-control-wrap\" data-name=\"vorname\"><input size=\"40\" maxlength=\"400\" class=\"wpcf7-form-control wpcf7-text wpcf7-validates-as-required\" aria-required=\"true\" aria-invalid=\"false\" value=\"\" type=\"text\" name=\"vorname\" \/><\/span>\n<\/p>\n<p>Nachname:<span style=\"color:red\">*<\/span><br \/>\n<span class=\"wpcf7-form-control-wrap\" data-name=\"nachname\"><input size=\"40\" maxlength=\"400\" class=\"wpcf7-form-control wpcf7-text wpcf7-validates-as-required\" aria-required=\"true\" aria-invalid=\"false\" value=\"\" type=\"text\" name=\"nachname\" \/><\/span>\n<\/p>\n<p class=\"partnername\">Vorname Partner\/Partnerin:<br \/>\n<span class=\"wpcf7-form-control-wrap\" data-name=\"vorname-p\"><input size=\"40\" maxlength=\"400\" class=\"wpcf7-form-control wpcf7-text\" aria-invalid=\"false\" value=\"\" type=\"text\" name=\"vorname-p\" \/><\/span>\n<\/p>\n<p class=\"partnername\">Nachname Partner\/Partnerin:<br \/>\n<span class=\"wpcf7-form-control-wrap\" data-name=\"nachname-p\"><input size=\"40\" maxlength=\"400\" class=\"wpcf7-form-control wpcf7-text\" aria-invalid=\"false\" value=\"\" type=\"text\" name=\"nachname-p\" \/><\/span>\n<\/p>\n<p>Stra\u00dfe & Hausnummer:<span style=\"color:red\">*<\/span><br \/>\n<span class=\"wpcf7-form-control-wrap\" data-name=\"strasse\"><input size=\"40\" maxlength=\"400\" class=\"wpcf7-form-control wpcf7-text wpcf7-validates-as-required\" aria-required=\"true\" aria-invalid=\"false\" value=\"\" type=\"text\" name=\"strasse\" \/><\/span><span class=\"wpcf7-form-control-wrap\" data-name=\"nr\"><input size=\"40\" maxlength=\"400\" class=\"wpcf7-form-control wpcf7-text wpcf7-validates-as-required\" aria-required=\"true\" aria-invalid=\"false\" value=\"\" type=\"text\" name=\"nr\" \/><\/span>\n<\/p>\n<p>Postleitzahl:<span style=\"color:red\">*<\/span><br \/>\n<span class=\"wpcf7-form-control-wrap\" data-name=\"plz\"><input size=\"40\" maxlength=\"400\" class=\"wpcf7-form-control wpcf7-text wpcf7-validates-as-required\" aria-required=\"true\" aria-invalid=\"false\" value=\"\" type=\"text\" name=\"plz\" \/><\/span>\n<\/p>\n<p>Ort:<span style=\"color:red\">*<\/span><br \/>\n<span class=\"wpcf7-form-control-wrap\" data-name=\"ort\"><input size=\"40\" maxlength=\"400\" class=\"wpcf7-form-control wpcf7-text wpcf7-validates-as-required\" aria-required=\"true\" aria-invalid=\"false\" value=\"\" type=\"text\" name=\"ort\" \/><\/span>\n<\/p>\n<p>Land:<span style=\"color:red\">*<\/span><br \/>\n<span class=\"wpcf7-form-control-wrap\" data-name=\"land\"><input size=\"40\" maxlength=\"400\" class=\"wpcf7-form-control wpcf7-text wpcf7-validates-as-required\" aria-required=\"true\" aria-invalid=\"false\" value=\"Deutschland\" type=\"text\" name=\"land\" \/><\/span>\n<\/p>\n<p>Telefon:<span style=\"color:red\">*<\/span><br \/>\n<span class=\"wpcf7-form-control-wrap\" data-name=\"telefon\"><input size=\"40\" maxlength=\"400\" class=\"wpcf7-form-control wpcf7-text wpcf7-validates-as-required\" aria-required=\"true\" aria-invalid=\"false\" value=\"\" type=\"text\" name=\"telefon\" \/><\/span>\n<\/p>\n<p>E-Mail-Adresse:<span style=\"color:red\">*<\/span><br \/>\n<span class=\"wpcf7-form-control-wrap\" data-name=\"email\"><input size=\"40\" maxlength=\"400\" class=\"wpcf7-form-control wpcf7-email wpcf7-validates-as-required wpcf7-text wpcf7-validates-as-email\" aria-required=\"true\" aria-invalid=\"false\" value=\"\" type=\"email\" name=\"email\" \/><\/span>\n<\/p>\n<p>\n<\/p>\n<p><span class=\"wpcf7-form-control-wrap\" data-name=\"hcap-cf7\">\t\t<input\n\t\t\t\ttype=\"hidden\"\n\t\t\t\tclass=\"hcaptcha-widget-id\"\n\t\t\t\tname=\"hcaptcha-widget-id\"\n\t\t\t\tvalue=\"eyJzb3VyY2UiOlsiY29udGFjdC1mb3JtLTdcL3dwLWNvbnRhY3QtZm9ybS03LnBocCJdLCJmb3JtX2lkIjo0OTB9-816001342d6e28a100a38d1f868bedb0\">\n\t\t\t\t<span id=\"hcap_cf7-69d6c6269504c5.40338968\" class=\"wpcf7-form-control h-captcha \"\n\t\t\tdata-sitekey=\"b5f38af6-4ea1-4281-a7f2-30c1d9207600\"\n\t\t\tdata-theme=\"light\"\n\t\t\tdata-size=\"normal\"\n\t\t\tdata-auto=\"false\"\n\t\t\tdata-ajax=\"false\"\n\t\t\tdata-force=\"false\">\n\t\t<\/span>\n\t\t<input type=\"hidden\" id=\"_wpnonce\" name=\"_wpnonce\" value=\"ca8172dcf3\" \/><input type=\"hidden\" name=\"_wp_http_referer\" value=\"\/en\/wp-json\/wp\/v2\/pages\/334\" \/><\/span><input class=\"wpcf7-form-control wpcf7-submit has-spinner\" type=\"submit\" value=\"Jetzt Mitglied werden\" \/>\n<\/p><div class=\"wpcf7-response-output\" aria-hidden=\"true\"><\/div>\n<\/form>\n<\/div>\n\n\n\n\n<p><a href=\"https:\/\/um-festival.de\/wp-content\/uploads\/2023\/05\/Beitrittserklaerung-Freunde-der-Uckermark-eV-1.pdf\" target=\"_blank\" rel=\"noopener\">Membership application form (PDF download)<\/a><\/p>\n\n\n\n<p><strong>or by e-mail to&nbsp;<a href=\"mailto:info@um-festival.de\">info@um-festival.de<\/a><br><\/strong><\/p>\n\n\n\n<p><strong>Freunde der Uckermark e.V.&nbsp;&nbsp;<\/strong><br>Fergitz 1 \u2013 17268 Gerswalde<br>Tel: +49 (0)30 \u2013 788 99 118<br>info@um-festival.de<\/p>\n\n\n\n<p>Board:<br>Ferdinand von Hohenzollern (Chairman) \u2013 Annette Ochs (Deputy Chair) \u2013 Andreas B\u00f6ttcher (Deputy Chair)<br>Georgia von der Wettern (Treasurer) \u2013 Dr. Barbara Bock (Secretary)<\/p>\n\n\n\n<p><strong>Bank details: Postbank Berlin \u2013 IBAN DE24 1001 0010 0001 2811 02, BIC PBNKDEFF<\/strong><\/p>\n\n","protected":false},"excerpt":{"rendered":"<p>To put our enthusiasm for the Uckermark and contemporary culture into practice and to carry it forward, we need your support and warmly invite you to become a member of the nonprofit association \u201cFreunde der Uckermark e.V.\u201d.The association is aimed at art enthusiasts who have come to appreciate the Uckermark and who are willing to [&hellip;]<\/p>\n","protected":false},"author":1,"featured_media":488,"parent":182,"menu_order":0,"comment_status":"closed","ping_status":"closed","template":"","meta":{"_acf_changed":false,"footnotes":""},"class_list":["post-334","page","type-page","status-publish","has-post-thumbnail","hentry"],"acf":[],"_links":{"self":[{"href":"https:\/\/um-festival.de\/en\/wp-json\/wp\/v2\/pages\/334","targetHints":{"allow":["GET"]}}],"collection":[{"href":"https:\/\/um-festival.de\/en\/wp-json\/wp\/v2\/pages"}],"about":[{"href":"https:\/\/um-festival.de\/en\/wp-json\/wp\/v2\/types\/page"}],"author":[{"embeddable":true,"href":"https:\/\/um-festival.de\/en\/wp-json\/wp\/v2\/users\/1"}],"replies":[{"embeddable":true,"href":"https:\/\/um-festival.de\/en\/wp-json\/wp\/v2\/comments?post=334"}],"version-history":[{"count":4,"href":"https:\/\/um-festival.de\/en\/wp-json\/wp\/v2\/pages\/334\/revisions"}],"predecessor-version":[{"id":3669,"href":"https:\/\/um-festival.de\/en\/wp-json\/wp\/v2\/pages\/334\/revisions\/3669"}],"up":[{"embeddable":true,"href":"https:\/\/um-festival.de\/en\/wp-json\/wp\/v2\/pages\/182"}],"wp:featuredmedia":[{"embeddable":true,"href":"https:\/\/um-festival.de\/en\/wp-json\/wp\/v2\/media\/488"}],"wp:attachment":[{"href":"https:\/\/um-festival.de\/en\/wp-json\/wp\/v2\/media?parent=334"}],"curies":[{"name":"wp","href":"https:\/\/api.w.org\/{rel}","templated":true}]}}